{"id":2560,"date":"2020-09-08T13:08:16","date_gmt":"2020-09-08T11:08:16","guid":{"rendered":"https:\/\/alliance-corea.com\/round-table-alliance\/"},"modified":"2025-11-12T11:38:31","modified_gmt":"2025-11-12T10:38:31","slug":"round-table-alliance","status":"publish","type":"page","link":"https:\/\/alliance-corea.com\/it\/round-table-alliance\/","title":{"rendered":"ROUND TABLE ALLIANCE"},"content":{"rendered":"\t\t<div data-elementor-type=\"wp-page\" data-elementor-id=\"2560\" class=\"elementor elementor-2560 elementor-1364\" data-elementor-post-type=\"page\">\n\t\t\t\t\t\t<section class=\"elementor-section elementor-top-section elementor-element elementor-element-56f9fdc elementor-section-boxed elementor-section-height-default elementor-section-height-default\" data-id=\"56f9fdc\" data-element_type=\"section\" data-e-type=\"section\">\n\t\t\t\t\t\t<div class=\"elementor-container elementor-column-gap-default\">\n\t\t\t\t\t<div class=\"elementor-column elementor-col-100 elementor-top-column elementor-element elementor-element-a130e41\" data-id=\"a130e41\" data-element_type=\"column\" data-e-type=\"column\">\n\t\t\t<div class=\"elementor-widget-wrap elementor-element-populated\">\n\t\t\t\t\t\t<div class=\"elementor-element elementor-element-4948830 elementor-widget elementor-widget-spacer\" data-id=\"4948830\" data-element_type=\"widget\" data-e-type=\"widget\" data-widget_type=\"spacer.default\">\n\t\t\t\t<div class=\"elementor-widget-container\">\n\t\t\t\t\t\t\t<div class=\"elementor-spacer\">\n\t\t\t<div class=\"elementor-spacer-inner\"><\/div>\n\t\t<\/div>\n\t\t\t\t\t\t<\/div>\n\t\t\t\t<\/div>\n\t\t\t\t<div class=\"elementor-element elementor-element-494fc0e elementor-widget elementor-widget-heading\" data-id=\"494fc0e\" data-element_type=\"widget\" data-e-type=\"widget\" data-widget_type=\"heading.default\">\n\t\t\t\t<div class=\"elementor-widget-container\">\n\t\t\t\t\t<h2 class=\"elementor-heading-title elementor-size-default\">Alleanza della Tavola Rotonda<\/h2>\t\t\t\t<\/div>\n\t\t\t\t<\/div>\n\t\t\t\t<div class=\"elementor-element elementor-element-60d834d elementor-widget-divider--view-line elementor-widget elementor-widget-divider\" data-id=\"60d834d\" data-element_type=\"widget\" data-e-type=\"widget\" data-widget_type=\"divider.default\">\n\t\t\t\t<div class=\"elementor-widget-container\">\n\t\t\t\t\t\t\t<div class=\"elementor-divider\">\n\t\t\t<span class=\"elementor-divider-separator\">\n\t\t\t\t\t\t<\/span>\n\t\t<\/div>\n\t\t\t\t\t\t<\/div>\n\t\t\t\t<\/div>\n\t\t\t\t<div class=\"elementor-element elementor-element-0b19b75 elementor-widget elementor-widget-video\" data-id=\"0b19b75\" data-element_type=\"widget\" data-e-type=\"widget\" data-settings=\"{&quot;video_type&quot;:&quot;hosted&quot;,&quot;controls&quot;:&quot;yes&quot;}\" data-widget_type=\"video.default\">\n\t\t\t\t<div class=\"elementor-widget-container\">\n\t\t\t\t\t\t\t<div class=\"e-hosted-video elementor-wrapper elementor-open-inline\">\n\t\t\t\t\t<video class=\"elementor-video\" src=\"https:\/\/www.facebook.com\/alliancecorea\/videos\/399650178206833\" controls=\"\" preload=\"metadata\" controlsList=\"nodownload\"><\/video>\n\t\t\t\t<\/div>\n\t\t\t\t\t\t<\/div>\n\t\t\t\t<\/div>\n\t\t\t\t\t<\/div>\n\t\t<\/div>\n\t\t\t\t\t<\/div>\n\t\t<\/section>\n\t\t\t\t<section class=\"elementor-section elementor-top-section elementor-element elementor-element-df3d1b4 elementor-section-boxed elementor-section-height-default elementor-section-height-default\" data-id=\"df3d1b4\" data-element_type=\"section\" data-e-type=\"section\">\n\t\t\t\t\t\t<div class=\"elementor-container elementor-column-gap-default\">\n\t\t\t\t\t<div class=\"elementor-column elementor-col-100 elementor-top-column elementor-element elementor-element-ffc2fad\" data-id=\"ffc2fad\" data-element_type=\"column\" data-e-type=\"column\">\n\t\t\t<div class=\"elementor-widget-wrap elementor-element-populated\">\n\t\t\t\t\t\t<section class=\"elementor-section elementor-inner-section elementor-element elementor-element-a9a0796 elementor-section-boxed elementor-section-height-default elementor-section-height-default\" data-id=\"a9a0796\" data-element_type=\"section\" data-e-type=\"section\">\n\t\t\t\t\t\t<div class=\"elementor-container elementor-column-gap-default\">\n\t\t\t\t\t<div class=\"elementor-column elementor-col-50 elementor-inner-column elementor-element elementor-element-c132075\" data-id=\"c132075\" data-element_type=\"column\" data-e-type=\"column\">\n\t\t\t<div class=\"elementor-widget-wrap elementor-element-populated\">\n\t\t\t\t\t\t<div class=\"elementor-element elementor-element-5a696eb elementor-widget elementor-widget-image\" data-id=\"5a696eb\" data-element_type=\"widget\" data-e-type=\"widget\" data-widget_type=\"image.default\">\n\t\t\t\t<div class=\"elementor-widget-container\">\n\t\t\t\t\t\t\t\t\t\t\t\t\t\t\t<img fetchpriority=\"high\" decoding=\"async\" width=\"1004\" height=\"1536\" src=\"https:\/\/alliance-corea.com\/wp-content\/uploads\/2020\/09\/Round-Table-Alliance-1004x1536.jpg\" class=\"attachment-1536x1536 size-1536x1536 wp-image-2566\" alt=\"\" srcset=\"https:\/\/alliance-corea.com\/wp-content\/uploads\/2020\/09\/Round-Table-Alliance-1004x1536.jpg 1004w, https:\/\/alliance-corea.com\/wp-content\/uploads\/2020\/09\/Round-Table-Alliance-196x300.jpg 196w, https:\/\/alliance-corea.com\/wp-content\/uploads\/2020\/09\/Round-Table-Alliance-669x1024.jpg 669w, https:\/\/alliance-corea.com\/wp-content\/uploads\/2020\/09\/Round-Table-Alliance-768x1175.jpg 768w, https:\/\/alliance-corea.com\/wp-content\/uploads\/2020\/09\/Round-Table-Alliance-1339x2048.jpg 1339w, https:\/\/alliance-corea.com\/wp-content\/uploads\/2020\/09\/Round-Table-Alliance-scaled-e1599579316799.jpg 600w\" sizes=\"(max-width: 1004px) 100vw, 1004px\" \/>\t\t\t\t\t\t\t\t\t\t\t\t\t\t\t<\/div>\n\t\t\t\t<\/div>\n\t\t\t\t\t<\/div>\n\t\t<\/div>\n\t\t\t\t<div class=\"elementor-column elementor-col-50 elementor-inner-column elementor-element elementor-element-b2ea3ff\" data-id=\"b2ea3ff\" data-element_type=\"column\" data-e-type=\"column\">\n\t\t\t<div class=\"elementor-widget-wrap elementor-element-populated\">\n\t\t\t\t\t\t<div class=\"elementor-element elementor-element-9e21ff1 elementor-widget elementor-widget-image\" data-id=\"9e21ff1\" data-element_type=\"widget\" data-e-type=\"widget\" data-widget_type=\"image.default\">\n\t\t\t\t<div class=\"elementor-widget-container\">\n\t\t\t\t\t\t\t\t\t\t\t\t\t\t\t<img decoding=\"async\" width=\"1125\" height=\"1393\" src=\"https:\/\/alliance-corea.com\/wp-content\/uploads\/2023\/06\/Need-for-change.jpg\" class=\"attachment-1536x1536 size-1536x1536 wp-image-2568\" alt=\"\" srcset=\"https:\/\/alliance-corea.com\/wp-content\/uploads\/2023\/06\/Need-for-change.jpg 1125w, https:\/\/alliance-corea.com\/wp-content\/uploads\/2023\/06\/Need-for-change-242x300.jpg 242w, https:\/\/alliance-corea.com\/wp-content\/uploads\/2023\/06\/Need-for-change-827x1024.jpg 827w, https:\/\/alliance-corea.com\/wp-content\/uploads\/2023\/06\/Need-for-change-768x951.jpg 768w\" sizes=\"(max-width: 1125px) 100vw, 1125px\" \/>\t\t\t\t\t\t\t\t\t\t\t\t\t\t\t<\/div>\n\t\t\t\t<\/div>\n\t\t\t\t\t<\/div>\n\t\t<\/div>\n\t\t\t\t\t<\/div>\n\t\t<\/section>\n\t\t\t\t<div class=\"elementor-element elementor-element-0944665 elementor-widget-divider--view-line elementor-widget elementor-widget-divider\" data-id=\"0944665\" data-element_type=\"widget\" data-e-type=\"widget\" data-widget_type=\"divider.default\">\n\t\t\t\t<div class=\"elementor-widget-container\">\n\t\t\t\t\t\t\t<div class=\"elementor-divider\">\n\t\t\t<span class=\"elementor-divider-separator\">\n\t\t\t\t\t\t<\/span>\n\t\t<\/div>\n\t\t\t\t\t\t<\/div>\n\t\t\t\t<\/div>\n\t\t\t\t<div class=\"elementor-element elementor-element-66e3052 elementor-widget elementor-widget-text-editor\" data-id=\"66e3052\" data-element_type=\"widget\" data-e-type=\"widget\" data-widget_type=\"text-editor.default\">\n\t\t\t\t<div class=\"elementor-widget-container\">\n\t\t\t\t\t\t\t\t\t<p style=\"text-align: justify;\">L&#8217;Alleanza della Tavola Rotonda \u00e8 un accordo neutrale tra artisti marziali di livello superiore e maestri che desiderano raggiungere obiettivi pi\u00f9 elevati. L&#8217;idea dell&#8217;Alleanza della Tavola Rotonda \u00e8 quella di promuovere l&#8217;interesse nello sviluppo e nell&#8217;integrazione di nuove idee nelle arti marziali tradizionali, su un piano di parit\u00e0. <\/p><p style=\"text-align: justify;\">La parte essenziale di questa alleanza aperta \u00e8 quindi dedicata a raccogliere conoscenze sulle arti marziali tradizionali, sugli effetti degli sviluppi attuali (e nuovi) nel mondo delle arti marziali e allo scambio equo di contenuti tra i membri del tavolo.<\/p><p style=\"text-align: justify;\">Alliance Corea \u00e8 una fondazione culturale che promuove e sostiene la cultura coreana in Europa. Alliance Corea \u00e8 un membro dell&#8217;Alleanza della Tavola Rotonda. <\/p>\t\t\t\t\t\t\t\t<\/div>\n\t\t\t\t<\/div>\n\t\t\t\t<div class=\"elementor-element elementor-element-50d77e7 elementor-widget elementor-widget-heading\" data-id=\"50d77e7\" data-element_type=\"widget\" data-e-type=\"widget\" data-widget_type=\"heading.default\">\n\t\t\t\t<div class=\"elementor-widget-container\">\n\t\t\t\t\t<h2 class=\"elementor-heading-title elementor-size-default\">\n<\/h2>\t\t\t\t<\/div>\n\t\t\t\t<\/div>\n\t\t\t\t<section class=\"elementor-section elementor-inner-section elementor-element elementor-element-6e421eb elementor-section-boxed elementor-section-height-default elementor-section-height-default\" data-id=\"6e421eb\" data-element_type=\"section\" data-e-type=\"section\">\n\t\t\t\t\t\t<div class=\"elementor-container elementor-column-gap-default\">\n\t\t\t\t\t<div class=\"elementor-column elementor-col-100 elementor-inner-column elementor-element elementor-element-3fa79d4\" data-id=\"3fa79d4\" data-element_type=\"column\" data-e-type=\"column\">\n\t\t\t<div class=\"elementor-widget-wrap elementor-element-populated\">\n\t\t\t\t\t\t<div class=\"elementor-element elementor-element-f23934c elementor-widget-divider--view-line elementor-widget elementor-widget-divider\" data-id=\"f23934c\" data-element_type=\"widget\" data-e-type=\"widget\" data-widget_type=\"divider.default\">\n\t\t\t\t<div class=\"elementor-widget-container\">\n\t\t\t\t\t\t\t<div class=\"elementor-divider\">\n\t\t\t<span class=\"elementor-divider-separator\">\n\t\t\t\t\t\t<\/span>\n\t\t<\/div>\n\t\t\t\t\t\t<\/div>\n\t\t\t\t<\/div>\n\t\t\t\t\t<\/div>\n\t\t<\/div>\n\t\t\t\t\t<\/div>\n\t\t<\/section>\n\t\t\t\t<section class=\"elementor-section elementor-inner-section elementor-element elementor-element-e78c5a5 elementor-section-boxed elementor-section-height-default elementor-section-height-default\" data-id=\"e78c5a5\" data-element_type=\"section\" data-e-type=\"section\">\n\t\t\t\t\t\t<div class=\"elementor-container elementor-column-gap-default\">\n\t\t\t\t\t<div class=\"elementor-column elementor-col-100 elementor-inner-column elementor-element elementor-element-f04734b\" data-id=\"f04734b\" data-element_type=\"column\" data-e-type=\"column\">\n\t\t\t<div class=\"elementor-widget-wrap elementor-element-populated\">\n\t\t\t\t\t\t<div class=\"elementor-element elementor-element-5c6766b elementor-widget elementor-widget-video\" data-id=\"5c6766b\" data-element_type=\"widget\" data-e-type=\"widget\" data-settings=\"{&quot;video_type&quot;:&quot;hosted&quot;,&quot;controls&quot;:&quot;yes&quot;}\" data-widget_type=\"video.default\">\n\t\t\t\t<div class=\"elementor-widget-container\">\n\t\t\t\t\t\t\t<div class=\"e-hosted-video elementor-wrapper elementor-open-inline\">\n\t\t\t\t\t<video class=\"elementor-video\" src=\"https:\/\/alliance-corea.com\/wp-content\/uploads\/2021\/09\/RoundTable-promo.mov\" controls=\"\" preload=\"metadata\" controlsList=\"nodownload\"><\/video>\n\t\t\t\t<\/div>\n\t\t\t\t\t\t<\/div>\n\t\t\t\t<\/div>\n\t\t\t\t\t<\/div>\n\t\t<\/div>\n\t\t\t\t\t<\/div>\n\t\t<\/section>\n\t\t\t\t<section class=\"elementor-section elementor-inner-section elementor-element elementor-element-38ded47 elementor-section-boxed elementor-section-height-default elementor-section-height-default\" data-id=\"38ded47\" data-element_type=\"section\" data-e-type=\"section\">\n\t\t\t\t\t\t<div class=\"elementor-container elementor-column-gap-default\">\n\t\t\t\t\t<div class=\"elementor-column elementor-col-50 elementor-inner-column elementor-element elementor-element-5abf205\" data-id=\"5abf205\" data-element_type=\"column\" data-e-type=\"column\">\n\t\t\t<div class=\"elementor-widget-wrap\">\n\t\t\t\t\t\t\t<\/div>\n\t\t<\/div>\n\t\t\t\t<div class=\"elementor-column elementor-col-50 elementor-inner-column elementor-element elementor-element-5ff218b\" data-id=\"5ff218b\" data-element_type=\"column\" data-e-type=\"column\">\n\t\t\t<div class=\"elementor-widget-wrap\">\n\t\t\t\t\t\t\t<\/div>\n\t\t<\/div>\n\t\t\t\t\t<\/div>\n\t\t<\/section>\n\t\t\t\t\t<\/div>\n\t\t<\/div>\n\t\t\t\t\t<\/div>\n\t\t<\/section>\n\t\t\t\t<section class=\"elementor-section elementor-top-section elementor-element elementor-element-71442a0 elementor-section-boxed elementor-section-height-default elementor-section-height-default\" data-id=\"71442a0\" data-element_type=\"section\" data-e-type=\"section\">\n\t\t\t\t\t\t<div class=\"elementor-container elementor-column-gap-default\">\n\t\t\t\t\t<div class=\"elementor-column elementor-col-100 elementor-top-column elementor-element elementor-element-4aa5c3c\" data-id=\"4aa5c3c\" data-element_type=\"column\" data-e-type=\"column\">\n\t\t\t<div class=\"elementor-widget-wrap\">\n\t\t\t\t\t\t\t<\/div>\n\t\t<\/div>\n\t\t\t\t\t<\/div>\n\t\t<\/section>\n\t\t\t\t<\/div>\n\t\t","protected":false},"excerpt":{"rendered":"<p>Alleanza della Tavola Rotonda https:\/\/www.facebook.com\/alliancecorea\/videos\/399650178206833 L&#8217;Alleanza della Tavola Rotonda \u00e8 un accordo neutrale tra artisti marziali di livello superiore e maestri che desiderano raggiungere obiettivi pi\u00f9 elevati. L&#8217;idea dell&#8217;Alleanza della Tavola Rotonda \u00e8 quella di promuovere l&#8217;interesse nello sviluppo e nell&#8217;integrazione di nuove idee nelle arti marziali tradizionali, su un piano di parit\u00e0. La parte&#8230;<\/p>\n","protected":false},"author":1,"featured_media":2567,"parent":0,"menu_order":0,"comment_status":"closed","ping_status":"closed","template":"elementor_header_footer","meta":{"footnotes":""},"class_list":["post-2560","page","type-page","status-publish","has-post-thumbnail","hentry"],"_links":{"self":[{"href":"https:\/\/alliance-corea.com\/it\/wp-json\/wp\/v2\/pages\/2560","targetHints":{"allow":["GET"]}}],"collection":[{"href":"https:\/\/alliance-corea.com\/it\/wp-json\/wp\/v2\/pages"}],"about":[{"href":"https:\/\/alliance-corea.com\/it\/wp-json\/wp\/v2\/types\/page"}],"author":[{"embeddable":true,"href":"https:\/\/alliance-corea.com\/it\/wp-json\/wp\/v2\/users\/1"}],"replies":[{"embeddable":true,"href":"https:\/\/alliance-corea.com\/it\/wp-json\/wp\/v2\/comments?post=2560"}],"version-history":[{"count":1,"href":"https:\/\/alliance-corea.com\/it\/wp-json\/wp\/v2\/pages\/2560\/revisions"}],"predecessor-version":[{"id":2573,"href":"https:\/\/alliance-corea.com\/it\/wp-json\/wp\/v2\/pages\/2560\/revisions\/2573"}],"wp:featuredmedia":[{"embeddable":true,"href":"https:\/\/alliance-corea.com\/it\/wp-json\/wp\/v2\/media\/2567"}],"wp:attachment":[{"href":"https:\/\/alliance-corea.com\/it\/wp-json\/wp\/v2\/media?parent=2560"}],"curies":[{"name":"wp","href":"https:\/\/api.w.org\/{rel}","templated":true}]}}